{"id":606,"date":"2023-05-08T17:11:04","date_gmt":"2023-05-08T15:11:04","guid":{"rendered":"https:\/\/www.sicec.lu\/beta\/die-dienstleistungen\/"},"modified":"2023-06-22T10:52:11","modified_gmt":"2023-06-22T08:52:11","slug":"die-dienstleistungen","status":"publish","type":"page","link":"https:\/\/www.sicec.lu\/de\/die-dienstleistungen\/","title":{"rendered":"Die Dienstleistungen"},"content":{"rendered":"\n\t<div id=\"gap-546204483\" class=\"gap-element clearfix\" style=\"display:block; height:auto;\">\n\t\t\n<style>\n#gap-546204483 {\n  padding-top: 30px;\n}\n<\/style>\n\t<\/div>\n\t\n\n\t<section class=\"section services-top dark has-parallax\" id=\"section_730165228\">\n\t\t<div class=\"bg section-bg fill bg-fill  \" data-parallax-container=\".section\" data-parallax-background data-parallax=\"-5\">\n\n\t\t\t\n\t\t\t<div class=\"section-bg-overlay absolute fill\"><\/div>\n\t\t\t\n\n\t\t<\/div>\n\n\t\t\n\n\t\t<div class=\"section-content relative\">\n\t\t\t\n\n<div class=\"row\"  id=\"row-330762166\">\n\n\n\t<div id=\"col-2098141083\" class=\"col small-12 large-12\"  >\n\t\t\t\t<div class=\"col-inner text-center\"  >\n\t\t\t\n\t\t\t\n\n\t<div id=\"text-3758722190\" class=\"text\">\n\t\t\n\n<h1>Die Dienstleistungen<\/h1>\n<p>Das Krematorium Hamm bietet folgende Dienstleistungen an<\/p>\n\t\t\n<style>\n#text-3758722190 {\n  font-size: 1.5rem;\n}\n<\/style>\n\t<\/div>\n\t\n\n\t\t<\/div>\n\t\t\t\t\t<\/div>\n\n\t\n\n<\/div>\n\n\t\t<\/div>\n\n\t\t\n<style>\n#section_730165228 {\n  padding-top: 30px;\n  padding-bottom: 30px;\n}\n#section_730165228 .section-bg-overlay {\n  background-color: rgba(0,0,0,.5);\n}\n#section_730165228 .section-bg.bg-loaded {\n  background-image: url(https:\/\/www.sicec.lu\/wp-content\/uploads\/2023\/05\/crematorium-back06.jpg);\n}\n#section_730165228 .section-bg {\n  background-position: 50% 100%;\n}\n<\/style>\n\t<\/section>\n\t\n\t<div id=\"gap-482596935\" class=\"gap-element clearfix\" style=\"display:block; height:auto;\">\n\t\t\n<style>\n#gap-482596935 {\n  padding-top: 30px;\n}\n<\/style>\n\t<\/div>\n\t\n\n<span class=\"scroll-to\" data-label=\"Scroll to: #cremation\" data-bullet=\"false\" data-link=\"#cremation\" data-title=\"Cremation\" ><a name=\"cremation\"><\/a><\/span>\n\n<div class=\"row align-middle services-row\"  id=\"row-1040751303\">\n\n\n\t<div id=\"col-1748926579\" class=\"col medium-6 small-12 large-6\"  >\n\t\t\t\t<div class=\"col-inner\"  >\n\t\t\t\n\t\t\t\n\n<h2>Die Ein\u00e4scherung<\/h2>\n<p>Wir verf\u00fcgen \u00fcber zwei Kremations\u00f6fen, die f\u00fcr die Ein\u00e4scherung von Leichnamen verwendet werden. Die Ein\u00e4scherung kann fr\u00fchestens 24 Stunden nach dem Tod oder nach einer Trauerfeier am Sarg erfolgen. <\/p>\n\n\t\t<\/div>\n\t\t\t\t\t<\/div>\n\n\t\n\n\t<div id=\"col-1924958568\" class=\"col medium-6 small-12 large-6\"  >\n\t\t\t\t<div class=\"col-inner\"  >\n\t\t\t\n\t\t\t\n\n\t<div class=\"img has-hover x md-x lg-x y md-y lg-y\" id=\"image_19522588\">\n\t\t\t\t\t\t\t\t<div class=\"img-inner dark\" >\n\t\t\t<img loading=\"lazy\" decoding=\"async\" width=\"1020\" height=\"765\" src=\"https:\/\/www.sicec.lu\/wp-content\/uploads\/2023\/05\/services02.jpg\" class=\"attachment-large size-large\" alt=\"\" srcset=\"https:\/\/www.sicec.lu\/wp-content\/uploads\/2023\/05\/services02.jpg 1024w, https:\/\/www.sicec.lu\/wp-content\/uploads\/2023\/05\/services02-533x400.jpg 533w, https:\/\/www.sicec.lu\/wp-content\/uploads\/2023\/05\/services02-768x576.jpg 768w\" sizes=\"auto, (max-width: 1020px) 100vw, 1020px\" \/>\t\t\t\t\t\t\n\t\t\t\t\t<\/div>\n\t\t\t\t\t\t\t\t\n<style>\n#image_19522588 {\n  width: 100%;\n}\n<\/style>\n\t<\/div>\n\t\n\n\n\t\t<\/div>\n\t\t\t\t\t<\/div>\n\n\t\n\n<\/div>\n<span class=\"scroll-to\" data-label=\"Scroll to: #cendres\" data-bullet=\"false\" data-link=\"#cendres\" data-title=\"Gestion des cendres\" ><a name=\"cendres\"><\/a><\/span>\n\n<div class=\"row align-middle services-row\"  id=\"row-1317542600\">\n\n\n\t<div id=\"col-624781768\" class=\"col medium-6 small-12 large-6\"  >\n\t\t\t\t<div class=\"col-inner\"  >\n\t\t\t\n\t\t\t\n\n\t<div class=\"img has-hover x md-x lg-x y md-y lg-y\" id=\"image_223204953\">\n\t\t\t\t\t\t\t\t<div class=\"img-inner dark\" >\n\t\t\t<img loading=\"lazy\" decoding=\"async\" width=\"1020\" height=\"765\" src=\"https:\/\/www.sicec.lu\/wp-content\/uploads\/2023\/06\/sicec_urne.jpg\" class=\"attachment-large size-large\" alt=\"\" srcset=\"https:\/\/www.sicec.lu\/wp-content\/uploads\/2023\/06\/sicec_urne.jpg 1024w, https:\/\/www.sicec.lu\/wp-content\/uploads\/2023\/06\/sicec_urne-533x400.jpg 533w, https:\/\/www.sicec.lu\/wp-content\/uploads\/2023\/06\/sicec_urne-768x576.jpg 768w\" sizes=\"auto, (max-width: 1020px) 100vw, 1020px\" \/>\t\t\t\t\t\t\n\t\t\t\t\t<\/div>\n\t\t\t\t\t\t\t\t\n<style>\n#image_223204953 {\n  width: 100%;\n}\n<\/style>\n\t<\/div>\n\t\n\n\n\t\t<\/div>\n\t\t\t\t\t<\/div>\n\n\t\n\n\t<div id=\"col-1592399206\" class=\"col medium-6 small-12 large-6 small-col-first\"  >\n\t\t\t\t<div class=\"col-inner\"  >\n\t\t\t\n\t\t\t\n\n<h2>Die Verwaltung der Asche<\/h2>\n<p>Nach der Ein\u00e4scherung werden die Aschenreste in einer Urne gesammelt. Sie haben verschiedene M\u00f6glichkeiten f\u00fcr die Bestimmung der Asche, wie das Verstreuen in unseren &#8222;G\u00e4rten der Erinnerung&#8220;, an einem Ort Ihrer Wahl, die Beisetzung oder die Aufbewahrung der Asche in einer Urne im Kolumbarium oder im B\u00ebschkirfent. <\/p>\n<p>Seit der Inbetriebnahme des neuen Streurasens sind keine unverderblichen Gegenst\u00e4nde mehr erlaubt (Kerzen, Figuren, Kunstblumen, Laternen, Ziersteine, Gedenktafeln, &#8230;). Sie k\u00f6nnen nat\u00fcrliche Blumenarrangements mitbringen. <\/p>\n\n\t\t<\/div>\n\t\t\t\t\t<\/div>\n\n\t\n\n<\/div>\n<span class=\"scroll-to\" data-label=\"Scroll to: #ceremonies\" data-bullet=\"false\" data-link=\"#ceremonies\" data-title=\"Ceremonies\" ><a name=\"ceremonies\"><\/a><\/span>\n\n<div class=\"row align-middle services-row\"  id=\"row-425601529\">\n\n\n\t<div id=\"col-1257724089\" class=\"col medium-6 small-12 large-6\"  >\n\t\t\t\t<div class=\"col-inner\"  >\n\t\t\t\n\t\t\t\n\n<h2>Die Zeremonien<\/h2>\n<p>Wir bieten Abschiedszeremonien f\u00fcr Familien an, die eine Gedenkfeier oder einen Trauergottesdienst organisieren m\u00f6chten.<\/p>\n<p>Die Familie des Verstorbenen w\u00e4hlt das Bestattungsunternehmen aus, das Kontakt mit dem Krematorium aufnimmt und den Sarg dorthin bringt. Wenn eine Zeremonie im Krematorium gew\u00fcnscht wird, findet diese gem\u00e4\u00df den W\u00fcnschen des Verstorbenen oder seiner Angeh\u00f6rigen in einem speziell dekorierten Raum auf Anfrage statt und kann mit einer Musik Ihrer Wahl untermalt werden (Bitte bringen Sie einen USB-Stick oder eine CD mit). Die Familie kann Blumen mitbringen und entweder ihren eigenen Zeremonienmeister engagieren oder das Krematorium um Unterst\u00fctzung bitten. <\/p>\n\n\n\t\t<\/div>\n\t\t\t\t\t<\/div>\n\n\t\n\n\t<div id=\"col-334536750\" class=\"col medium-6 small-12 large-6\"  >\n\t\t\t\t<div class=\"col-inner\"  >\n\t\t\t\n\t\t\t\n\n\t<div class=\"img has-hover x md-x lg-x y md-y lg-y\" id=\"image_607625137\">\n\t\t\t\t\t\t\t\t<div class=\"img-inner dark\" >\n\t\t\t<img loading=\"lazy\" decoding=\"async\" width=\"1020\" height=\"765\" src=\"https:\/\/www.sicec.lu\/wp-content\/uploads\/2023\/06\/sicec_ceremonie.jpg\" class=\"attachment-large size-large\" alt=\"\" srcset=\"https:\/\/www.sicec.lu\/wp-content\/uploads\/2023\/06\/sicec_ceremonie.jpg 1024w, https:\/\/www.sicec.lu\/wp-content\/uploads\/2023\/06\/sicec_ceremonie-533x400.jpg 533w, https:\/\/www.sicec.lu\/wp-content\/uploads\/2023\/06\/sicec_ceremonie-768x576.jpg 768w\" sizes=\"auto, (max-width: 1020px) 100vw, 1020px\" \/>\t\t\t\t\t\t\n\t\t\t\t\t<\/div>\n\t\t\t\t\t\t\t\t\n<style>\n#image_607625137 {\n  width: 100%;\n}\n<\/style>\n\t<\/div>\n\t\n\n\n\t\t<\/div>\n\t\t\t\t\t<\/div>\n\n\t\n\n<\/div>\n<span class=\"scroll-to\" data-label=\"Scroll to: #adieu\" data-bullet=\"false\" data-link=\"#adieu\" data-title=\"Adieu\" ><a name=\"adieu\"><\/a><\/span>\n\n<div class=\"row align-middle services-row\"  id=\"row-765334210\">\n\n\n\t<div id=\"col-851405986\" class=\"col medium-6 small-12 large-6\"  >\n\t\t\t\t<div class=\"col-inner\"  >\n\t\t\t\n\t\t\t\n\n\t<div class=\"img has-hover x md-x lg-x y md-y lg-y\" id=\"image_1292552992\">\n\t\t\t\t\t\t\t\t<div class=\"img-inner dark\" >\n\t\t\t<img loading=\"lazy\" decoding=\"async\" width=\"1020\" height=\"765\" src=\"https:\/\/www.sicec.lu\/wp-content\/uploads\/2023\/05\/services04.jpg\" class=\"attachment-large size-large\" alt=\"\" srcset=\"https:\/\/www.sicec.lu\/wp-content\/uploads\/2023\/05\/services04.jpg 1024w, https:\/\/www.sicec.lu\/wp-content\/uploads\/2023\/05\/services04-533x400.jpg 533w, https:\/\/www.sicec.lu\/wp-content\/uploads\/2023\/05\/services04-768x576.jpg 768w\" sizes=\"auto, (max-width: 1020px) 100vw, 1020px\" \/>\t\t\t\t\t\t\n\t\t\t\t\t<\/div>\n\t\t\t\t\t\t\t\t\n<style>\n#image_1292552992 {\n  width: 100%;\n}\n<\/style>\n\t<\/div>\n\t\n\n\n\t\t<\/div>\n\t\t\t\t\t<\/div>\n\n\t\n\n\t<div id=\"col-1618367636\" class=\"col medium-6 small-12 large-6 small-col-first\"  >\n\t\t\t\t<div class=\"col-inner\"  >\n\t\t\t\n\t\t\t\n\n<h2>Abschiedszeremonie<\/h2>\n<p>Die Zeremonie kann religi\u00f6sen oder zivilen Charakter haben. Auf Wunsch der Familie werden die Aschenreste in den \u201eG\u00e4rten der Erinnerung\u201c verstreut. Diese sind \u00e4hnlich einem Friedhof und \u00f6ffentlich zug\u00e4nglich. Somit haben Interessierte jederzeit die M\u00f6glichkeit, am Ruheplatz des Verstorbenen innezuhalten. Wenn die Aschenverstreuung nicht im Krematorium erfolgt, nimmt das Bestattungsunternehmen die Urne wieder mit und bringt sie zum vom Verstorbenen oder den Angeh\u00f6rigen ausgew\u00e4hlten Friedhof. <\/p>\n\n\n\t\t<\/div>\n\t\t\t\t\t<\/div>\n\n\t\n\n<\/div>\n\n","protected":false},"excerpt":{"rendered":"","protected":false},"author":1,"featured_media":0,"parent":0,"menu_order":0,"comment_status":"closed","ping_status":"closed","template":"page-blank.php","meta":{"footnotes":""},"class_list":["post-606","page","type-page","status-publish","hentry"],"yoast_head":"<!-- This site is optimized with the Yoast SEO plugin v27.1.1 - https:\/\/yoast.com\/product\/yoast-seo-wordpress\/ -->\n<title>Die Dienstleistungen - Die Zeremonien - Krematorium in Luxemburg<\/title>\n<meta name=\"description\" content=\"Wir verf\u00fcgen \u00fcber zwei Kremations\u00f6fen, die f\u00fcr die Ein\u00e4scherung von Leichnamen verwendet werden. Die Ein\u00e4scherung kann fr\u00fchestens 24 Stunden nach dem Tod oder nach einer Trauerfeier am Sarg erfolgen.\" \/>\n<meta name=\"robots\" content=\"index, follow, max-snippet:-1, max-image-preview:large, max-video-preview:-1\" \/>\n<link rel=\"canonical\" href=\"https:\/\/www.sicec.lu\/de\/die-dienstleistungen\/\" \/>\n<meta property=\"og:locale\" content=\"de_DE\" \/>\n<meta property=\"og:type\" content=\"article\" \/>\n<meta property=\"og:title\" content=\"Die Dienstleistungen - Die Zeremonien - Krematorium in Luxemburg\" \/>\n<meta property=\"og:description\" content=\"Wir verf\u00fcgen \u00fcber zwei Kremations\u00f6fen, die f\u00fcr die Ein\u00e4scherung von Leichnamen verwendet werden. Die Ein\u00e4scherung kann fr\u00fchestens 24 Stunden nach dem Tod oder nach einer Trauerfeier am Sarg erfolgen.\" \/>\n<meta property=\"og:url\" content=\"https:\/\/www.sicec.lu\/de\/die-dienstleistungen\/\" \/>\n<meta property=\"og:site_name\" content=\"Krematorium in Luxemburg\" \/>\n<meta property=\"article:modified_time\" content=\"2023-06-22T08:52:11+00:00\" \/>\n<meta property=\"og:image\" content=\"https:\/\/www.sicec.lu\/wp-content\/uploads\/2023\/05\/services04.jpg\" \/>\n\t<meta property=\"og:image:width\" content=\"1024\" \/>\n\t<meta property=\"og:image:height\" content=\"768\" \/>\n\t<meta property=\"og:image:type\" content=\"image\/jpeg\" \/>\n<meta name=\"twitter:card\" content=\"summary_large_image\" \/>\n<meta name=\"twitter:label1\" content=\"Gesch\u00e4tzte Lesezeit\" \/>\n\t<meta name=\"twitter:data1\" content=\"2\u00a0Minuten\" \/>\n<script type=\"application\/ld+json\" class=\"yoast-schema-graph\">{\"@context\":\"https:\/\/schema.org\",\"@graph\":[{\"@type\":\"WebPage\",\"@id\":\"https:\/\/www.sicec.lu\/de\/die-dienstleistungen\/\",\"url\":\"https:\/\/www.sicec.lu\/de\/die-dienstleistungen\/\",\"name\":\"Die Dienstleistungen - Die Zeremonien - Krematorium in Luxemburg\",\"isPartOf\":{\"@id\":\"https:\/\/www.sicec.lu\/de\/#website\"},\"datePublished\":\"2023-05-08T15:11:04+00:00\",\"dateModified\":\"2023-06-22T08:52:11+00:00\",\"description\":\"Wir verf\u00fcgen \u00fcber zwei Kremations\u00f6fen, die f\u00fcr die Ein\u00e4scherung von Leichnamen verwendet werden. Die Ein\u00e4scherung kann fr\u00fchestens 24 Stunden nach dem Tod oder nach einer Trauerfeier am Sarg erfolgen.\",\"breadcrumb\":{\"@id\":\"https:\/\/www.sicec.lu\/de\/die-dienstleistungen\/#breadcrumb\"},\"inLanguage\":\"de\",\"potentialAction\":[{\"@type\":\"ReadAction\",\"target\":[\"https:\/\/www.sicec.lu\/de\/die-dienstleistungen\/\"]}]},{\"@type\":\"BreadcrumbList\",\"@id\":\"https:\/\/www.sicec.lu\/de\/die-dienstleistungen\/#breadcrumb\",\"itemListElement\":[{\"@type\":\"ListItem\",\"position\":1,\"name\":\"Home\",\"item\":\"https:\/\/www.sicec.lu\/de\/\"},{\"@type\":\"ListItem\",\"position\":2,\"name\":\"Die Dienstleistungen\"}]},{\"@type\":\"WebSite\",\"@id\":\"https:\/\/www.sicec.lu\/de\/#website\",\"url\":\"https:\/\/www.sicec.lu\/de\/\",\"name\":\"Krematorium in Luxemburg\",\"description\":\"\",\"publisher\":{\"@id\":\"https:\/\/www.sicec.lu\/de\/#organization\"},\"potentialAction\":[{\"@type\":\"SearchAction\",\"target\":{\"@type\":\"EntryPoint\",\"urlTemplate\":\"https:\/\/www.sicec.lu\/de\/?s={search_term_string}\"},\"query-input\":{\"@type\":\"PropertyValueSpecification\",\"valueRequired\":true,\"valueName\":\"search_term_string\"}}],\"inLanguage\":\"de\"},{\"@type\":\"Organization\",\"@id\":\"https:\/\/www.sicec.lu\/de\/#organization\",\"name\":\"Cr\u00e9matorium de Luxembourg\",\"alternateName\":\"SICEC\",\"url\":\"https:\/\/www.sicec.lu\/de\/\",\"logo\":{\"@type\":\"ImageObject\",\"inLanguage\":\"de\",\"@id\":\"https:\/\/www.sicec.lu\/de\/#\/schema\/logo\/image\/\",\"url\":\"https:\/\/www.sicec.lu\/wp-content\/uploads\/2023\/05\/logo-crematorium.png\",\"contentUrl\":\"https:\/\/www.sicec.lu\/wp-content\/uploads\/2023\/05\/logo-crematorium.png\",\"width\":170,\"height\":195,\"caption\":\"Cr\u00e9matorium de Luxembourg\"},\"image\":{\"@id\":\"https:\/\/www.sicec.lu\/de\/#\/schema\/logo\/image\/\"}}]}<\/script>\n<!-- \/ Yoast SEO plugin. -->","yoast_head_json":{"title":"Die Dienstleistungen - Die Zeremonien - Krematorium in Luxemburg","description":"Wir verf\u00fcgen \u00fcber zwei Kremations\u00f6fen, die f\u00fcr die Ein\u00e4scherung von Leichnamen verwendet werden. Die Ein\u00e4scherung kann fr\u00fchestens 24 Stunden nach dem Tod oder nach einer Trauerfeier am Sarg erfolgen.","robots":{"index":"index","follow":"follow","max-snippet":"max-snippet:-1","max-image-preview":"max-image-preview:large","max-video-preview":"max-video-preview:-1"},"canonical":"https:\/\/www.sicec.lu\/de\/die-dienstleistungen\/","og_locale":"de_DE","og_type":"article","og_title":"Die Dienstleistungen - Die Zeremonien - Krematorium in Luxemburg","og_description":"Wir verf\u00fcgen \u00fcber zwei Kremations\u00f6fen, die f\u00fcr die Ein\u00e4scherung von Leichnamen verwendet werden. Die Ein\u00e4scherung kann fr\u00fchestens 24 Stunden nach dem Tod oder nach einer Trauerfeier am Sarg erfolgen.","og_url":"https:\/\/www.sicec.lu\/de\/die-dienstleistungen\/","og_site_name":"Krematorium in Luxemburg","article_modified_time":"2023-06-22T08:52:11+00:00","og_image":[{"width":1024,"height":768,"url":"https:\/\/www.sicec.lu\/wp-content\/uploads\/2023\/05\/services04.jpg","type":"image\/jpeg"}],"twitter_card":"summary_large_image","twitter_misc":{"Gesch\u00e4tzte Lesezeit":"2\u00a0Minuten"},"schema":{"@context":"https:\/\/schema.org","@graph":[{"@type":"WebPage","@id":"https:\/\/www.sicec.lu\/de\/die-dienstleistungen\/","url":"https:\/\/www.sicec.lu\/de\/die-dienstleistungen\/","name":"Die Dienstleistungen - Die Zeremonien - Krematorium in Luxemburg","isPartOf":{"@id":"https:\/\/www.sicec.lu\/de\/#website"},"datePublished":"2023-05-08T15:11:04+00:00","dateModified":"2023-06-22T08:52:11+00:00","description":"Wir verf\u00fcgen \u00fcber zwei Kremations\u00f6fen, die f\u00fcr die Ein\u00e4scherung von Leichnamen verwendet werden. Die Ein\u00e4scherung kann fr\u00fchestens 24 Stunden nach dem Tod oder nach einer Trauerfeier am Sarg erfolgen.","breadcrumb":{"@id":"https:\/\/www.sicec.lu\/de\/die-dienstleistungen\/#breadcrumb"},"inLanguage":"de","potentialAction":[{"@type":"ReadAction","target":["https:\/\/www.sicec.lu\/de\/die-dienstleistungen\/"]}]},{"@type":"BreadcrumbList","@id":"https:\/\/www.sicec.lu\/de\/die-dienstleistungen\/#breadcrumb","itemListElement":[{"@type":"ListItem","position":1,"name":"Home","item":"https:\/\/www.sicec.lu\/de\/"},{"@type":"ListItem","position":2,"name":"Die Dienstleistungen"}]},{"@type":"WebSite","@id":"https:\/\/www.sicec.lu\/de\/#website","url":"https:\/\/www.sicec.lu\/de\/","name":"Krematorium in Luxemburg","description":"","publisher":{"@id":"https:\/\/www.sicec.lu\/de\/#organization"},"potentialAction":[{"@type":"SearchAction","target":{"@type":"EntryPoint","urlTemplate":"https:\/\/www.sicec.lu\/de\/?s={search_term_string}"},"query-input":{"@type":"PropertyValueSpecification","valueRequired":true,"valueName":"search_term_string"}}],"inLanguage":"de"},{"@type":"Organization","@id":"https:\/\/www.sicec.lu\/de\/#organization","name":"Cr\u00e9matorium de Luxembourg","alternateName":"SICEC","url":"https:\/\/www.sicec.lu\/de\/","logo":{"@type":"ImageObject","inLanguage":"de","@id":"https:\/\/www.sicec.lu\/de\/#\/schema\/logo\/image\/","url":"https:\/\/www.sicec.lu\/wp-content\/uploads\/2023\/05\/logo-crematorium.png","contentUrl":"https:\/\/www.sicec.lu\/wp-content\/uploads\/2023\/05\/logo-crematorium.png","width":170,"height":195,"caption":"Cr\u00e9matorium de Luxembourg"},"image":{"@id":"https:\/\/www.sicec.lu\/de\/#\/schema\/logo\/image\/"}}]}},"_links":{"self":[{"href":"https:\/\/www.sicec.lu\/de\/wp-json\/wp\/v2\/pages\/606","targetHints":{"allow":["GET"]}}],"collection":[{"href":"https:\/\/www.sicec.lu\/de\/wp-json\/wp\/v2\/pages"}],"about":[{"href":"https:\/\/www.sicec.lu\/de\/wp-json\/wp\/v2\/types\/page"}],"author":[{"embeddable":true,"href":"https:\/\/www.sicec.lu\/de\/wp-json\/wp\/v2\/users\/1"}],"replies":[{"embeddable":true,"href":"https:\/\/www.sicec.lu\/de\/wp-json\/wp\/v2\/comments?post=606"}],"version-history":[{"count":6,"href":"https:\/\/www.sicec.lu\/de\/wp-json\/wp\/v2\/pages\/606\/revisions"}],"predecessor-version":[{"id":862,"href":"https:\/\/www.sicec.lu\/de\/wp-json\/wp\/v2\/pages\/606\/revisions\/862"}],"wp:attachment":[{"href":"https:\/\/www.sicec.lu\/de\/wp-json\/wp\/v2\/media?parent=606"}],"curies":[{"name":"wp","href":"https:\/\/api.w.org\/{rel}","templated":true}]}}